{"id":49,"date":"2012-08-06T14:46:53","date_gmt":"2012-08-06T14:46:53","guid":{"rendered":"http:\/\/boelwerner.com\/wp\/?page_id=49"},"modified":"2020-12-04T17:27:02","modified_gmt":"2020-12-04T15:27:02","slug":"kontakt","status":"publish","type":"page","link":"https:\/\/boelwerner.com\/wp\/?page_id=49","title":{"rendered":"Kontakt"},"content":{"rendered":"<div id=\"fb_share_1\" style=\"float: right; margin-left: 10px;\"><a name=\"fb_share\" type=\"box_count\" share_url=\"https:\/\/boelwerner.com\/wp\/?page_id=49\" href=\"http:\/\/www.facebook.com\/sharer.php\">Share<\/a><\/div><div><script src=\"http:\/\/static.ak.fbcdn.net\/connect.php\/js\/FB.Share\" type=\"text\/javascript\"><\/script><\/div><p>Boel Werner f\u00f6rfattare &amp; illustrat\u00f6r<br \/>\nKrabo R\u00e4vsn\u00e4sv\u00e4gen 27<br \/>\n77194 Ludvika<br \/>\nSweden<\/p>\n<p>Mail: boelATboelwerner.com<\/p>\n<p>Mobil: 073 5362436<br \/>\nMedlem av f\u00f6reningen Svenska Tecknare och Illustrat\u00f6rcentrum, F\u00f6rfattarf\u00f6rbundet och F\u00f6rfattarcentrum.<\/p>\n<p><a href=\"http:\/\/boelwerner.com\/wp\/wp-content\/uploads\/2012\/08\/boelwerner_streamer2.jpg\"><img loading=\"lazy\" class=\"alignnone  wp-image-169\" title=\"boelwerner_streamer2\" src=\"http:\/\/boelwerner.com\/wp\/wp-content\/uploads\/2012\/08\/boelwerner_streamer2-1024x765.jpg\" alt=\"\" width=\"632\" height=\"472\" srcset=\"https:\/\/boelwerner.com\/wp\/wp-content\/uploads\/2012\/08\/boelwerner_streamer2-1024x765.jpg 1024w, https:\/\/boelwerner.com\/wp\/wp-content\/uploads\/2012\/08\/boelwerner_streamer2-300x224.jpg 300w\" sizes=\"(max-width: 632px) 100vw, 632px\" \/><\/a><\/p>\n","protected":false},"excerpt":{"rendered":"<p>ShareBoel Werner f\u00f6rfattare &amp; illustrat\u00f6r Krabo R\u00e4vsn\u00e4sv\u00e4gen 27 77194 Ludvika Sweden Mail: boelATboelwerner.com Mobil: 073 5362436 Medlem av f\u00f6reningen Svenska Tecknare och Illustrat\u00f6rcentrum, F\u00f6rfattarf\u00f6rbundet och F\u00f6rfattarcentrum.<\/p>\n","protected":false},"author":1,"featured_media":0,"parent":0,"menu_order":0,"comment_status":"open","ping_status":"open","template":"","meta":[],"_links":{"self":[{"href":"https:\/\/boelwerner.com\/wp\/index.php?rest_route=\/wp\/v2\/pages\/49"}],"collection":[{"href":"https:\/\/boelwerner.com\/wp\/index.php?rest_route=\/wp\/v2\/pages"}],"about":[{"href":"https:\/\/boelwerner.com\/wp\/index.php?rest_route=\/wp\/v2\/types\/page"}],"author":[{"embeddable":true,"href":"https:\/\/boelwerner.com\/wp\/index.php?rest_route=\/wp\/v2\/users\/1"}],"replies":[{"embeddable":true,"href":"https:\/\/boelwerner.com\/wp\/index.php?rest_route=%2Fwp%2Fv2%2Fcomments&post=49"}],"version-history":[{"count":11,"href":"https:\/\/boelwerner.com\/wp\/index.php?rest_route=\/wp\/v2\/pages\/49\/revisions"}],"predecessor-version":[{"id":634,"href":"https:\/\/boelwerner.com\/wp\/index.php?rest_route=\/wp\/v2\/pages\/49\/revisions\/634"}],"wp:attachment":[{"href":"https:\/\/boelwerner.com\/wp\/index.php?rest_route=%2Fwp%2Fv2%2Fmedia&parent=49"}],"curies":[{"name":"wp","href":"https:\/\/api.w.org\/{rel}","templated":true}]}}