{"id":2,"date":"2012-05-16T13:28:53","date_gmt":"2012-05-16T13:28:53","guid":{"rendered":"http:\/\/boelwerner.com\/wp\/?page_id=2"},"modified":"2020-12-04T17:32:55","modified_gmt":"2020-12-04T15:32:55","slug":"sample-page","status":"publish","type":"page","link":"https:\/\/boelwerner.com\/wp\/?page_id=2","title":{"rendered":"Skolbes\u00f6k!"},"content":{"rendered":"<div id=\"fb_share_1\" style=\"float: right; margin-left: 10px;\"><a name=\"fb_share\" type=\"box_count\" share_url=\"https:\/\/boelwerner.com\/wp\/?page_id=2\" href=\"http:\/\/www.facebook.com\/sharer.php\">Share<\/a><\/div><div><script src=\"http:\/\/static.ak.fbcdn.net\/connect.php\/js\/FB.Share\" type=\"text\/javascript\"><\/script><\/div><p><a href=\"http:\/\/boelwerner.com\/wp\/wp-content\/uploads\/2012\/05\/barnosportgubbe.jpg\"><img loading=\"lazy\" class=\"alignnone size-full wp-image-357\" title=\"barnosportgubbe\" src=\"http:\/\/boelwerner.com\/wp\/wp-content\/uploads\/2012\/05\/barnosportgubbe.jpg\" alt=\"\" width=\"436\" height=\"192\" srcset=\"https:\/\/boelwerner.com\/wp\/wp-content\/uploads\/2012\/05\/barnosportgubbe.jpg 436w, https:\/\/boelwerner.com\/wp\/wp-content\/uploads\/2012\/05\/barnosportgubbe-300x132.jpg 300w\" sizes=\"(max-width: 436px) 100vw, 436px\" \/><\/a><\/p>\n<p>Jag gillar att g\u00f6ra f\u00f6rfattarbes\u00f6k, det \u00e4r ju i stort sett min enda chans att m\u00f6ta min publik p\u00e5 riktigt. Plus att jag tycker det \u00e4r angel\u00e4get att barnen f\u00e5r tr\u00e4ffa kulturarbetare och oss som jobbar med b\u00f6cker. Jag vill peppa dem att l\u00e4sa, f\u00f6r det \u00e4r ju det b\u00e4sta <em>jag<\/em> vet!<\/p>\n<p>Jag tycker dessutom att jag har extra bra f\u00f6ruts\u00e4ttningar att g\u00f6ra fylliga och roliga f\u00f6rfattarbes\u00f6k, eftersom jag kommer b\u00e5de som f\u00f6rfattare och illustrat\u00f6r. Bild- och formgivningsdelen \u00e4r annars n\u00e5got som l\u00e4tt gl\u00f6ms bort i boksammanhang. S\u00e5 inte n\u00e4r jag kommer p\u00e5 bes\u00f6k till en klass!<\/p>\n<p>Mina f\u00f6rfattarbes\u00f6k kan se ut s\u00e5h\u00e4r:<\/p>\n<p>F\u00f6r l\u00e5g\/mellanstadiet: Jag vill att barnen ska ha l\u00e4st n\u00e5gon av mina nyare b\u00f6cker. F\u00f6r de sm\u00e5 barnen, g\u00e4rna Kraken. F\u00f6r mellanstadiet, g\u00e4rna Vi \u00e4r inte v\u00e4nner! B\u00e5da dessa \u00e4r b\u00f6cker som har teman som man kan prata mycket om. Som: fantasi, djur, ensamhet, att v\u00e4xa &#8230; samt v\u00e4nskap och att vara annorlunda \u2026 Om klassen har l\u00e4st en bok s\u00e5 brukar jag bl\u00e4ddra igenom den och visa bilderna, och l\u00e5ta eleverna i tur och ordning ber\u00e4tta vad som h\u00e4nde i just den delen av boken. N\u00e4r vi kommit till slutet har alla friskat upp minnet och vi kan prata om vad vi tyckte om slutet, vad som kanse h\u00e4nde sen. Vad man tycker om karakt\u00e4rerna, om man tyckte handligen k\u00e4ndes &#8220;verklig&#8221;, etc.<\/p>\n<p>N\u00e4r det g\u00e4ller Kraken s\u00e5 ritar jag och ber\u00e4ttar, p\u00e5 tavla eller bl\u00e4dderblock \u2013 det f\u00e5ngar barnen direkt. Jag ber\u00e4ttar \u00a0hur karakt\u00e4ren Kraken kom till och \u00f6vertygar barnen om att det \u00e4r en m\u00e4nniska som g\u00f6r bilderna \u2013 inte en dator! Jag visar \u00e4ven originalbilder och l\u00e5ter alla j\u00e4mf\u00f6ra med den tryckta bilden, samt ber\u00e4ttar kortfattat hur b\u00f6cker blir till.<\/p>\n<p>(Den biten blir lite mer omfattande n\u00e4r det \u00e4r \u00e4ldre barn, d\u00e5 kan jag ocks\u00e5 ber\u00e4tta n\u00e5got om hur det \u00e4r att leva som f\u00f6rfattare\/illustrat\u00f6r.)<\/p>\n<p>Sen pratar vi om hur man f\u00e5r id\u00e9er, hur jag har l\u00e4rt mig att f\u00e5nga mina id\u00e9er n\u00e4r de flyger f\u00f6rbi.<\/p>\n<p>I m\u00e5n av tid brukar jag ocks\u00e5 g\u00f6ra \u201dRitsagor\u201d, ur boken med samma namn, som jag illustrerat. Den kommer i 7:e upplagan i \u00e5r! Det avslutar jag med att gruppen skapar \u201dritsagogubbar\u201d, som jag ritar efter deras f\u00f6rslag. (Det \u00e4r n\u00e5got som klassen kan forts\u00e4tta med efter bes\u00f6ket.)<\/p>\n<p>Jag l\u00e4mnar \u201dminnespapper\u201d till l\u00e4raren, som f\u00e5r kopieras, med lite fler tips om hur man skapar karakt\u00e4rer.<\/p>\n<p>Jag g\u00f6r ocks\u00e5 g\u00e4rna bes\u00f6k p\u00e5 h\u00f6gstadiet. D\u00e5 har jag b\u00f6cker av olika karakt\u00e4r som det \u00e4r bra om klassen l\u00e4st n\u00e5gon av, t ex <em>\u00d6verlevaren Isaq<\/em> (om en flyktingkille), <em>Junia p\u00e5 jakt<\/em> (om jakt, liv och d\u00f6d) eller <em>Vild<\/em> (en fantasy om en tjej som hamnar i en &#8220;annorlunda pubertet&#8221;). Under v\u00e5ren 2014 kom en rolig bok om tjejer i sjuan, <em>\u00c4r du dum p\u00e5 riktigt?<\/em><\/p>\n<p>Arvode Enligt f\u00f6rfattarcentrums prislista, inkl sociala avgifter, resa tillkommer<br \/>\nKlassbes\u00f6k\u00a0se:<\/p>\n<blockquote class=\"wp-embedded-content\" data-secret=\"Zk2XWzjauI\"><p><a href=\"https:\/\/forfattarcentrum.se\/arvoden\/\">Arvoden<\/a><\/p><\/blockquote>\n<p><iframe class=\"wp-embedded-content\" sandbox=\"allow-scripts\" security=\"restricted\" style=\"position: absolute; clip: rect(1px, 1px, 1px, 1px);\" title=\"&#8221;Arvoden&#8221; &#8212; Forfattarcentrum\" src=\"https:\/\/forfattarcentrum.se\/arvoden\/embed\/#?secret=Zk2XWzjauI\" data-secret=\"Zk2XWzjauI\" width=\"500\" height=\"282\" frameborder=\"0\" marginwidth=\"0\" marginheight=\"0\" scrolling=\"no\"><\/iframe><\/p>\n","protected":false},"excerpt":{"rendered":"<p>Share Jag gillar att g\u00f6ra f\u00f6rfattarbes\u00f6k, det \u00e4r ju i stort sett min enda chans att m\u00f6ta min publik p\u00e5 riktigt. Plus att jag tycker det \u00e4r angel\u00e4get att barnen f\u00e5r tr\u00e4ffa kulturarbetare och oss som jobbar med b\u00f6cker. Jag vill peppa dem att l\u00e4sa, f\u00f6r det \u00e4r ju det b\u00e4sta jag vet! Jag tycker [&hellip;]<\/p>\n","protected":false},"author":1,"featured_media":357,"parent":0,"menu_order":0,"comment_status":"open","ping_status":"open","template":"","meta":[],"_links":{"self":[{"href":"https:\/\/boelwerner.com\/wp\/index.php?rest_route=\/wp\/v2\/pages\/2"}],"collection":[{"href":"https:\/\/boelwerner.com\/wp\/index.php?rest_route=\/wp\/v2\/pages"}],"about":[{"href":"https:\/\/boelwerner.com\/wp\/index.php?rest_route=\/wp\/v2\/types\/page"}],"author":[{"embeddable":true,"href":"https:\/\/boelwerner.com\/wp\/index.php?rest_route=\/wp\/v2\/users\/1"}],"replies":[{"embeddable":true,"href":"https:\/\/boelwerner.com\/wp\/index.php?rest_route=%2Fwp%2Fv2%2Fcomments&post=2"}],"version-history":[{"count":12,"href":"https:\/\/boelwerner.com\/wp\/index.php?rest_route=\/wp\/v2\/pages\/2\/revisions"}],"predecessor-version":[{"id":637,"href":"https:\/\/boelwerner.com\/wp\/index.php?rest_route=\/wp\/v2\/pages\/2\/revisions\/637"}],"wp:featuredmedia":[{"embeddable":true,"href":"https:\/\/boelwerner.com\/wp\/index.php?rest_route=\/wp\/v2\/media\/357"}],"wp:attachment":[{"href":"https:\/\/boelwerner.com\/wp\/index.php?rest_route=%2Fwp%2Fv2%2Fmedia&parent=2"}],"curies":[{"name":"wp","href":"https:\/\/api.w.org\/{rel}","templated":true}]}}