{"id":19,"date":"2012-08-06T13:17:14","date_gmt":"2012-08-06T13:17:14","guid":{"rendered":"http:\/\/boelwerner.com\/wp\/?page_id=19"},"modified":"2020-12-04T17:38:31","modified_gmt":"2020-12-04T15:38:31","slug":"om-boel","status":"publish","type":"page","link":"https:\/\/boelwerner.com\/wp\/?page_id=19","title":{"rendered":"Om Boel\/about"},"content":{"rendered":"<div id=\"fb_share_1\" style=\"float: right; margin-left: 10px;\"><a name=\"fb_share\" type=\"box_count\" share_url=\"https:\/\/boelwerner.com\/wp\/?page_id=19\" href=\"http:\/\/www.facebook.com\/sharer.php\">Share<\/a><\/div><div><script src=\"http:\/\/static.ak.fbcdn.net\/connect.php\/js\/FB.Share\" type=\"text\/javascript\"><\/script><\/div><p><a href=\"http:\/\/boelwerner.com\/wp\/wp-content\/uploads\/2012\/08\/boeljan13_2.gif\"><img loading=\"lazy\" class=\"alignnone size-full wp-image-375\" title=\"boeljan13_2\" src=\"http:\/\/boelwerner.com\/wp\/wp-content\/uploads\/2012\/08\/boeljan13_2.gif\" alt=\"\" width=\"400\" height=\"328\" srcset=\"https:\/\/boelwerner.com\/wp\/wp-content\/uploads\/2012\/08\/boeljan13_2.gif 400w, https:\/\/boelwerner.com\/wp\/wp-content\/uploads\/2012\/08\/boeljan13_2-300x246.gif 300w\" sizes=\"(max-width: 400px) 100vw, 400px\" \/><\/a><\/p>\n<p>Hej! Jag \u00e4r barn-ungdomsboksf\u00f6rfattare och illustrat\u00f6r och bor i Ludvika i s\u00f6dra Dalarna.<\/p>\n<p>P\u00e5 den h\u00e4r platsen presenterar jag en del av mina b\u00f6cker, samt bloggar n\u00e4r det h\u00e4nder n\u00e5got viktigt.<\/p>\n<p>Kolla ocks\u00e5 in<a title=\"Skolbes\u00f6k!\" href=\"http:\/\/boelwerner.com\/wp\/?page_id=2\"> sidan om skolbes\u00f6k!<\/a> S\u00e5na g\u00f6r jag mycket och g\u00e4rna!<\/p>\n<p>Alla illustrationer p\u00e5 sidorna h\u00e4r \u00e4r gjorda av mig och jag st\u00e5r f\u00f6r r\u00e4ttigheterna. Tag g\u00e4rna kontakt om du vill anlita mig som illustrat\u00f6r, eller anv\u00e4nda n\u00e5gon av bilderna. Om du skriver en recension av n\u00e5gon av mina b\u00f6cker g\u00e5r det dock bra att anv\u00e4nda dem utan s\u00e4rskilt tillst\u00e5nd.<\/p>\n<p>Lista p\u00e5 alla mina b\u00f6cker p\u00e5 LIBRIS<a href=\"http:\/\/libris.kb.se\/hitlist?q=boel+werner\" target=\"_blank\" rel=\"noopener noreferrer\">&gt;&gt;<\/a><\/p>\n<p>Se \u00e4ven mina sidor hos f\u00f6rfattarcentrum<a href=\"http:\/\/forfattarcentrum.se\/forfattarformedling\/forfattare\/499\/Boel_Werner\" target=\"_blank\" rel=\"noopener noreferrer\"> &gt;&gt;<\/a><\/p>\n<p><em>I am a swedish illustrator and author of childrens books.<\/em><\/p>\n<p><em>All illustrations on these pages are made by me and I hold the copyright. If you are interested in my work, like to commission me for an illustration job or publish one of my books, don&#8217;t hesitate to call.<\/em><\/p>\n<p>+46 735362436<\/p>\n<p><em>MFA in Graphic design and Illustration, Konstfack school, Stockholm 1992.<\/em><br \/>\n<em>I work and live in Ludvika, Sweden.<br \/>\n<\/em><br \/>\nSee my books\u00a0<a href=\"http:\/\/libris.kb.se\/hitlist?q=boel+werner\" target=\"_blank\" rel=\"noopener noreferrer\">&gt;&gt;<\/a> at LIBRIS<\/p>\n<p>__________________________<\/p>\n<p><strong>Tidigare opublicerad intervju med Boel, av reporter Boris Werneer.<\/strong> Augusti 2012<\/p>\n<p><em>Reporter: Okej, inf\u00f6r intervjun s\u00e5 har jag f\u00f6rs\u00f6kt s\u00e4tta mig in i ditt CV, och jag m\u00e5ste s\u00e4ga att det hela ger ett lite osorterat intryck. S\u00e5, vad \u00c4R du egentligen? F\u00f6rfattare eller illustrat\u00f6r? Och vilken \u00e4r din huvudgenre?<\/em><\/p>\n<p>Boel: Ja, hm, det \u00e4r ju just det. Jag \u00e4r b\u00e5de och.<\/p>\n<p><em>Reporter: Jahaaa. Ja. Men vilken \u00e4r din \u00e5ldersgrupp?<\/em><\/p>\n<p>Boel: Ja, jag jobbar b\u00e5de med sm\u00e5barnsb\u00f6cker och ungdomsb\u00f6cker och mellan\u00e5ldersb\u00f6cker. Ibland b\u00e5de skriver jag och illustrerar, ibland bara skriver jag och ibland illustrerar jag \u00e5t andra.<\/p>\n<p><em>Reporter: Men \u00e4r det s\u00e5 smart? Jag menar, ur varum\u00e4rkessynpunkt?<\/em><\/p>\n<p>Boel: N\u00e4, det \u00e4r v\u00e4l inte s\u00e5 j\u00e4ttesmart kanske. Men kul!<\/p>\n<p><em>Reporter: S\u00e5 varf\u00f6r kan du inte bara sk\u00e4rpa dig och skaffa en inriktning s\u00e5 att folk f\u00e5r en chans att fatta vem du \u00e4r?<\/em><\/p>\n<p>Boel: Kan vi ta n\u00e4sta fr\u00e5ga?<\/p>\n<p><em>Reporter: Jaja. Visst. Varf\u00f6r bor du i Dalarna? Och inte ens i kultur-Dalarna utan nere i Bergslagen? M\u00e5ste man inte bo i Stockholm f\u00f6r att vara med i f\u00f6rlagssv\u00e4ngen?<\/em><\/p>\n<p>Boel: Ja, allts\u00e5 rent praktiskt s\u00e5 funkar det. F\u00f6rr var det ju en hel del m\u00f6ten p\u00e5 f\u00f6rlagen och d\u00e5 fick jag \u00e5ka ner till stockholm. Men nu \u00e4r det inte det ens. Aldrig n\u00e5gra m\u00f6ten. Allt g\u00e5r \u00f6ver mejlen. Det \u00e4r r\u00e4tt trist faktiskt. Och jag missar v\u00e4l en massa tillf\u00e4llen att n\u00e4tverka. S\u00e5 \u00e4r det nog. Men det \u00e4r fint h\u00e4r. Och billigt. Jag ser sj\u00f6n.<\/p>\n<p><em>Reporter: Ja, det \u00e4r j\u00e4ttefint. Men jag m\u00e5ste fr\u00e5ga, hur g\u00e5r dina b\u00f6cker egentligen? S\u00e4ljer du n\u00e5t?<\/em><\/p>\n<p>Boel: Jooood\u00e5. Det g\u00f6r dom allt. Fast jag v\u00e4ntar v\u00e4l fortfarande p\u00e5 den STORA succ\u00e9n.<\/p>\n<p><em>Reporter: Men s\u00e4g n\u00e5t som har g\u00e5tt bra? N\u00e5got m\u00e5ste det v\u00e4l finnas?<\/em><\/p>\n<p>Boel: Ja, absolut. Just nu har jag en j\u00e4ttefin sm\u00e5barnsbok som funkar fint, &#8220;Hej d\u00e5 m\u00f6ssan!&#8221; Och en kapitelbok som heter &#8220;Vi \u00e4r inte v\u00e4nner&#8221; och som var huvudbok i barnens bokklubb nu i sommar. Men den bok som g\u00e5tt b\u00e4st genom \u00e5ren \u00e4r faktiskt en bok om ritsagor. Allts\u00e5, det \u00e4r traditionella sagor som man ber\u00e4ttar och ritar samtidigt. Per Gustavsson heter f\u00f6rfattaren som samlat in och bearbetat dem. Jag har illustrerat. Den har just kommit i ny upplaga och s\u00e5lt massor. Och s\u00e5 har jag gjort en egen fakta-bilderbok om bin och honung. Den tror jag kommer att h\u00e4nga med l\u00e4nge. Just nu verkar det trendigt med bin dessutom.<\/p>\n<p><em>Reporter: Trevligt. Men nu f\u00e5r du erk\u00e4nna, har du n\u00e5got riktigt storslaget misslyckande i bagaget?<\/em><\/p>\n<p>Boel: Okej. Jo, det som har gjort ondast \u00e4r n\u00e4r min ungdomsbok &#8220;Vild&#8221; inte riktigt levde upp till f\u00f6rv\u00e4ntningarna. Den skrev jag verkligen med hj\u00e4rtat och allt annat ocks\u00e5. Den var en stor och uppriktig satsning \u2013 en allegori p\u00e5 puberteten. En bok som verkligen sade mycket om hur det \u00e4r att g\u00e5 fr\u00e5n flicka till kvinna. Den handlade om en tjej som f\u00e5r en svans och drar till skogs.<\/p>\n<p><em>Reporter: Oj.<\/em><\/p>\n<p>Boel: Ja, f\u00f6rlaget, Bonnier-Carlsen, de tackade ja till den p\u00e5 en vecka och alla var superentusiastiska och den fick fina recensioner men n\u00e4. Upplagan s\u00e5lde inte slut. En biblioteksblogg i G\u00f6teborg skrev om det alldeles nyss faktiskt. De var f\u00f6rv\u00e5nade \u00f6ver att den inte blev st\u00f6rre. De tyckte\u00a0att den f\u00f6reb\u00e5dade hela den stora urban fantasyv\u00e5gen som kom sen. Jag var helt enkelt f\u00f6re min tid.<\/p>\n<p><em>Reporter: Smickrar du inte dig sj\u00e4lv nu?<\/em><\/p>\n<p>Boel: Nej, det var s\u00e5! Och det trista \u00e4r, att nu n\u00e4r jag t\u00e4nker s\u00e5h\u00e4r: Om jag skulle g\u00f6ra en allvarlig satsning och skriva en verkligt bra, tung och rolig och sp\u00e4nnande ungdomsbok &#8230; d\u00e5 m\u00e5ste jag svara mig sj\u00e4lv: Been there, done that, epic fail. Som ungarna s\u00e4ger.<\/p>\n<p><em>Reporter: Trist.<\/em><\/p>\n<p>Boel: Ja, men nu har jag gett ut den som e-bok! P\u00e5 eget f\u00f6rlag. Det \u00e4r helt suver\u00e4nt att kunna g\u00f6ra s\u00e5! S\u00e5 den finns! Och det \u00e4r liksom huvudsaken. Och d\u00e5 och d\u00e5 \u00e4r det n\u00e5gon som l\u00e5nar den eller k\u00f6per den!<\/p>\n<p><em>Reporter: Sed\u00e4r. Men vad jobbar du med just nu?<\/em><\/p>\n<p>Boel: Ja, allts\u00e5, jag har om jag f\u00e5r s\u00e4ga det sj\u00e4lv varit j\u00e4drigt produktiv p\u00e5 sistone. S\u00e5 i \u00e5r har jag fyra utgivningar. En bilderbok, en kapitelbok, och en l\u00e4ttl\u00e4st ungdomsbok som ska heta &#8220;\u00d6verlevaren Isaq&#8221;. Och s\u00e5 en kapitelbok av Anna Holmstr\u00f6m Degerman, &#8220;Vilda s\u00f6ker nytt hem&#8221;, som jag har illustrerat och gjort omslag till.<\/p>\n<p>S\u00e5 nu m\u00e5ste jag hitta p\u00e5 n\u00e5t. K\u00e4nna efter var jag har lusten. F\u00f6r jag \u00e4r, det m\u00e5ste jag erk\u00e4nna, en rent l\u00f6jligt luststyrd m\u00e4nniska. Jag <em>kan<\/em> bara inte jobba om jag inte hittar lusten &#8230; Det \u00e4r d\u00e4rf\u00f6r jag har valt ett s\u00e5nt h\u00e4r knasigt jobb. Fast \u00e5 andra sidan. Det \u00e4r inte mer knasigt \u00e4n att jag har kunnat f\u00f6rs\u00f6rja mig som bokskapare i 20 \u00e5r. 1992 slutade jag p\u00e5 Konstfack, som utbildad illustrat\u00f6r, och jag har inte haft n\u00e5gra andra jobb sen dess.<\/p>\n<p><em>Reporter: Ja, det \u00e4r ju inte s\u00e5 illa.<\/em><\/p>\n<p>Boel: N\u00e4, eller hur. Fast jag f\u00e5r v\u00e4l passa p\u00e5 att tacka f\u00f6rfattarfonden och fotokopieringsfonden f\u00f6r en del gener\u00f6sa stipendier ocks\u00e5 &#8230;<\/p>\n<p><em>Reporter: Hur gener\u00f6sa?<\/em><\/p>\n<p>Boel: N\u00e4, nu tror jag att inspirationen rinner till. Vi f\u00e5r avbryta h\u00e4r. Jag m\u00e5ste skapa.<\/p>\n<p><em>Reporter: Ja, tack d\u00e5. Jag m\u00e5ste s\u00e4ga att detta var den trevligaste intervjun jag n\u00e5gonsin gjort!<\/em><\/p>\n<p>Boel: Tack, tack.<\/p>\n<div id=\"attachment_302\" style=\"width: 640px\" class=\"wp-caption alignnone\"><a href=\"http:\/\/boelwerner.com\/wp\/wp-content\/uploads\/2012\/08\/boelwerner_kaninen1.jpg\"><img aria-describedby=\"caption-attachment-302\" loading=\"lazy\" class=\"size-full wp-image-302\" title=\"boelwerner_kaninen1\" src=\"http:\/\/boelwerner.com\/wp\/wp-content\/uploads\/2012\/08\/boelwerner_kaninen1.jpg\" alt=\"\" width=\"630\" height=\"278\" srcset=\"https:\/\/boelwerner.com\/wp\/wp-content\/uploads\/2012\/08\/boelwerner_kaninen1.jpg 630w, https:\/\/boelwerner.com\/wp\/wp-content\/uploads\/2012\/08\/boelwerner_kaninen1-300x132.jpg 300w\" sizes=\"(max-width: 630px) 100vw, 630px\" \/><\/a><p id=\"caption-attachment-302\" class=\"wp-caption-text\">Hej d\u00e5 kaninen!<\/p><\/div>\n","protected":false},"excerpt":{"rendered":"<p>Share Hej! Jag \u00e4r barn-ungdomsboksf\u00f6rfattare och illustrat\u00f6r och bor i Ludvika i s\u00f6dra Dalarna. P\u00e5 den h\u00e4r platsen presenterar jag en del av mina b\u00f6cker, samt bloggar n\u00e4r det h\u00e4nder n\u00e5got viktigt. Kolla ocks\u00e5 in sidan om skolbes\u00f6k! S\u00e5na g\u00f6r jag mycket och g\u00e4rna! Alla illustrationer p\u00e5 sidorna h\u00e4r \u00e4r gjorda av mig och jag [&hellip;]<\/p>\n","protected":false},"author":1,"featured_media":302,"parent":0,"menu_order":0,"comment_status":"open","ping_status":"open","template":"","meta":[],"_links":{"self":[{"href":"https:\/\/boelwerner.com\/wp\/index.php?rest_route=\/wp\/v2\/pages\/19"}],"collection":[{"href":"https:\/\/boelwerner.com\/wp\/index.php?rest_route=\/wp\/v2\/pages"}],"about":[{"href":"https:\/\/boelwerner.com\/wp\/index.php?rest_route=\/wp\/v2\/types\/page"}],"author":[{"embeddable":true,"href":"https:\/\/boelwerner.com\/wp\/index.php?rest_route=\/wp\/v2\/users\/1"}],"replies":[{"embeddable":true,"href":"https:\/\/boelwerner.com\/wp\/index.php?rest_route=%2Fwp%2Fv2%2Fcomments&post=19"}],"version-history":[{"count":20,"href":"https:\/\/boelwerner.com\/wp\/index.php?rest_route=\/wp\/v2\/pages\/19\/revisions"}],"predecessor-version":[{"id":638,"href":"https:\/\/boelwerner.com\/wp\/index.php?rest_route=\/wp\/v2\/pages\/19\/revisions\/638"}],"wp:featuredmedia":[{"embeddable":true,"href":"https:\/\/boelwerner.com\/wp\/index.php?rest_route=\/wp\/v2\/media\/302"}],"wp:attachment":[{"href":"https:\/\/boelwerner.com\/wp\/index.php?rest_route=%2Fwp%2Fv2%2Fmedia&parent=19"}],"curies":[{"name":"wp","href":"https:\/\/api.w.org\/{rel}","templated":true}]}}